{"id":277488,"date":"2023-11-07T07:19:19","date_gmt":"2023-11-07T06:19:19","guid":{"rendered":"https:\/\/develop.visionmedia.nu\/kajsalandgren\/my-cv\/"},"modified":"2026-02-24T11:27:45","modified_gmt":"2026-02-24T10:27:45","slug":"my-cv","status":"publish","type":"page","link":"https:\/\/kajsalandgren.com\/en\/my-cv\/","title":{"rendered":"My CV"},"content":{"rendered":"<p>[et_pb_section fb_built=&#8221;1&#8243; custom_padding_last_edited=&#8221;on|tablet&#8221; _builder_version=&#8221;4.23.1&#8243; background_color=&#8221;#FF7518&#8243; background_enable_image=&#8221;off&#8221; custom_padding=&#8221;250px||50px||false|false&#8221; custom_padding_tablet=&#8221;150px||30px||false|false&#8221; custom_padding_phone=&#8221;150px||30px||false|false&#8221; border_width_all=&#8221;20px&#8221; border_color_all=&#8221;#FFFFFF&#8221; border_width_top=&#8221;0px&#8221; saved_tabs=&#8221;all&#8221; global_colors_info=&#8221;{}&#8221;][et_pb_row _builder_version=&#8221;4.16&#8243; global_colors_info=&#8221;{}&#8221;][et_pb_column type=&#8221;4_4&#8243; _builder_version=&#8221;4.16&#8243; custom_padding=&#8221;|||&#8221; global_colors_info=&#8221;{}&#8221; custom_padding__hover=&#8221;|||&#8221;][et_pb_post_title meta=&#8221;off&#8221; featured_image=&#8221;off&#8221; _builder_version=&#8221;4.23&#8243; title_font=&#8221;|700|||||||&#8221; title_text_align=&#8221;left&#8221; title_text_color=&#8221;#ffffff&#8221; title_font_size=&#8221;40px&#8221; text_shadow_style=&#8221;preset2&#8243; global_colors_info=&#8221;{}&#8221;][\/et_pb_post_title][\/et_pb_column][\/et_pb_row][\/et_pb_section][et_pb_section fb_built=&#8221;1&#8243; custom_padding_last_edited=&#8221;on|tablet&#8221; _builder_version=&#8221;4.23&#8243; _module_preset=&#8221;default&#8221; custom_padding=&#8221;90px||90px||false|false&#8221; custom_padding_tablet=&#8221;50px||50px||false|false&#8221; custom_padding_phone=&#8221;50px||50px||false|false&#8221; global_colors_info=&#8221;{}&#8221;][et_pb_row _builder_version=&#8221;4.23&#8243; _module_preset=&#8221;default&#8221; custom_padding=&#8221;0px||0px||false|false&#8221; global_colors_info=&#8221;{}&#8221;][et_pb_column type=&#8221;4_4&#8243; _builder_version=&#8221;4.23&#8243; _module_preset=&#8221;default&#8221; global_colors_info=&#8221;{}&#8221;][et_pb_text _builder_version=&#8221;4.23&#8243; _module_preset=&#8221;default&#8221; header_font=&#8221;|700|||||||&#8221; header_2_font=&#8221;|700|||||||&#8221; custom_margin=&#8221;||30px||false|false&#8221; custom_padding=&#8221;||||false|false&#8221; global_colors_info=&#8221;{}&#8221;]<\/p>\n<h2>About Kajsa Landgren<\/h2>\n<p>[\/et_pb_text][et_pb_text _builder_version=&#8221;4.27.5&#8243; _module_preset=&#8221;default&#8221; hover_enabled=&#8221;0&#8243; global_colors_info=&#8221;{}&#8221; sticky_enabled=&#8221;0&#8243;]<\/p>\n<h3><strong>EDUCATION<\/strong><\/h3>\n<p>I have been a registered nurse since 1978. I worked as a nurse in a psychiatric clinic (detoxification department for drug addicts) and then for many years in the somatic emergency department. In 1988, I finished a 1.5-year acupuncture training at the Swedish Acupuncture School, Malm\u00f6. In 1990, I studied for a year at the Center for Acupuncture, Gothenburg, with Per Nittve. In 1990-93 I studied at the Norwegian acupuncture school and in 1993 I was on an acupuncture course in Nanjing, China. In between and after that I have studied shorter courses for, among others, Giovanni Maciocia, Anton Jayasuriya, Ted Kaptchuk, Christer Carlsson and Richard Tan. I have studied Pediatric Acupuncture with Julian Scott and Alex Tiberi.<\/p>\n<p>Among others, I have studied ear acupuncture for Michael Smith with colleagues at the Lincoln Clinic in New York (1997), John Tindall at the Gateway Clinic in London (1996), and doctors Shen, Raphael Nogier and Alain Coutte\u00b4.<\/p>\n<p>In 2004 I took a master&#8217;s degree in nursing, in 2005 I finished specialist training in psychiatry and in 2007 I was accepted as a doctoral student at Lund University, Sweden. Jag tog licentiatexamen 2009 och doktorsexamen 2011.[\/et_pb_text][et_pb_text _builder_version=&#8221;4.27.5&#8243; _module_preset=&#8221;default&#8221; hover_enabled=&#8221;0&#8243; global_colors_info=&#8221;{}&#8221; sticky_enabled=&#8221;0&#8243;]<\/p>\n<h3><strong>EMPLOYMENTS<\/strong><\/h3>\n<p>I worked at my private acupuncture clinic from 1988 to 2015. Since 1995 I have been teaching ear acupuncture. 2006-2011 I was employed part-time as a doctoral student at Lund University. From 2012 to 2025 I was employed as a lecturer and researcher at Lund University. As a part of my duty I was a part-time clinical lecturer at the psychiatric clinic, Region Sk\u00e5ne, 2016-2022. In 2019 I was appointed associate professor. From 2026 I\u00b4m no longer employed but a senior researcher in the research group Psychiatry at IKVM, Lund University. Outside the university I teach ear acupuncture.[\/et_pb_text][et_pb_text _builder_version=&#8221;4.23&#8243; _module_preset=&#8221;default&#8221; global_colors_info=&#8221;{}&#8221;]<\/p>\n<h3><strong>BOOKS<\/strong><\/h3>\n<p>2004 Landgren, K. <strong>\u00d6ronakupunktur<\/strong>, 275 sidor, Didaktikons f\u00f6rlag<\/p>\n<p>2008 Landgren, K. (2008). <strong>Ear Acupuncture \u2013 a practical guide<\/strong> (C. Mosey translation). Churchill Livingstone, Elsevier.<\/p>\n<p>2009 Landgren, K. (2009) Trem\u00e5naderskolik. Chapter in I. Hallstr\u00f6m &amp; T. Lindberg (editors), <strong>Pediatrisk omv\u00e5rdnad <\/strong> (pp 144-146). Stockholm, Liber.<\/p>\n<p>2010 Smith, M., Carter, K., Landgren, K., Stuyt, L. (2010) Ear acupuncture in Addiction Treatment. Chapter in Bankole A. Johnson (editor), <strong>Addiction Medicine<\/strong>, Science and Practise (pp 1237-1261). Springer Science.<\/p>\n<p>2013 Landgren, K. Skrikiga och oroliga sm\u00e5barn. Chapter in the book <strong>H\u00e4lsofr\u00e4mjande arbete f\u00f6r barn och ungdomar<\/strong> (pp 119-136, (editors Ann-Cathrine Bramhagen och Anna Carlsson). Studentlitteratur.<\/p>\n<p>2014 Landgren, K. Being the Parent of an Infant with Colic: A Phenomenological Hermeneutic Perspective. Chapter in Springer Qualitative Series &#8211; <strong>Phenomenology<\/strong>, (editor Mary de Chesnay). Springer Publishing Company.<\/p>\n<p>2022 Landgren, K. <strong>NADA. \u00d6ronakupunktur vid beroende och psykisk oh\u00e4lsa SE<\/strong>. 192 pages, self-published.<\/p>\n<p>2023 Landgren, K. <strong>NADA. Ear acupuncture in addiction and mental illness<\/strong>. 212 pages. self-published.<\/p>\n<p>[\/et_pb_text][et_pb_text _builder_version=&#8221;4.27.5&#8243; _module_preset=&#8221;default&#8221; hover_enabled=&#8221;0&#8243; global_colors_info=&#8221;{}&#8221; sticky_enabled=&#8221;0&#8243;]<\/p>\n<h3><strong>OTHER SCIENTIFIC ARTICLES<\/strong><\/h3>\n<p>Landgren, K. &amp; Hallstr\u00f6m, I. (2005). Akupunkturbehandling vid sp\u00e4dbarnskolik \u2013 f\u00f6r\u00e4ldrars upplevelser av barnets beteende f\u00f6re och efter behandling. V\u00e5rd i Norden, vol.1, 26-31.<\/p>\n<p>Landgren, K, Hallstr\u00f6m, I. (2010) Parents\u00b4 experience of living with a baby with infantile colic &#8211; a phenomenological hermeneutic study. Scand J Caring Sci. 2010 Aug 18.&lt;<\/p>\n<p>Landgren K, Kvorning N, Hallstr\u00f6m I. (2010) Acupuncture reduces crying in infants with infantile colic &#8211; a randomised, controlled blind clinical study. Acupuncture in Medine, accepted Sept 1 2010. DOI number 10.1136\/aim.2010.002394<\/p>\n<p>Landgren K, Kvorning N, Hallstr\u00f6m I. (2011) Feeding, stooling and sleeping patterns in infants with colic &#8211; a randomized, controlled trial of minimal acupuncture. BMC Complementary and Alternative Medicine, 2011.<\/p>\n<p>Landgren, K, Lundqvist, A, Hallstr\u00f6m, I. (2012) Remembering the Chaos &#8211; But Life Went on and the Wound Healed. A Four Year Follow Up with Parents having had a Baby with Infantile Colic. Open Nurs J. 6:53-61<\/p>\n<p>Landgren K. Acupuncture in Practice: Investigating Acupuncturists&#8217; Approach to Treating Infantile Colic. Evidence-Based Complementary and Alternative Medicine, vol. 2013, 8 pages.<\/p>\n<p>Landgren K, Raith W, Schm\u02c6lzer GM, Skjeie H, Skonnord T. (2015) Letter to the editor: Acupuncture in the treatment of infantile colic. Italian Journal of Pediatrics, 41:1<\/p>\n<p>Landgren K, Tiberg I, Hallstr\u00f6m I. Standardized minimal acupuncture, individualized acupuncture, and no acupuncture for infantile colic: study protocol for a multicenter randomized controlled trial (ACU-COL). (2015) BMC Complementary and Alternative Medicine, 15:325<\/p>\n<p>Borgstr\u00f6m M, Landgren K. Screening for infantile colic and parents experiences of simethicone and probiotics: a quantitative, descriptive sub-study (2016) Working Papers in the Health Sciences, Issue 1-15 Spring.<\/p>\n<p>Landgren K, Hallstr\u00f6m I. Effect of minimal acupuncture for infantile colic: a multicentre, three-armed, single-blind, randomised controlled trial (ACU-COL) (2017). Acupunct Med, ;0:1\u20139. doi:10.1136\/acupmed-2016-011208.<\/p>\n<p>Castor C, Hansson, Hallstr\u00f6m I, Landgren K. (2017) Home care services for sick children: Healthcare professionals&#8217; conceptions of challenges and facilitators. Journal of Clinical Nursing, 2017;1-10. DOI: 10.1111\/jocn.13821.<\/p>\n<p>Hedlund S &amp; Landgren K. (2017) Creating an Opportunity to Reflect: Ear Acupuncture in Anorexia Nervosa \u2013 Inpatients&#8217; Experiences. Issues in Mental Health Nursing, Vol. 0 , Iss. 0.  <a href=\"http:\/\/www.everwebapp.com\/\" target=\"_blank\" rel=\"noopener\"><span style=\"font-weight: 400;\">DOI:10.1080\/01612840.2017.1303858<\/span><\/a><\/p>\n<p>Jara Johansson S, Allar M, Landgren K, Tiberg I. (2017) Promoting health in children and adolescents with &#8211; or at risk of &#8211; type 2 diabetes mellitus in the United States: An interview -study of nurses&#8217; experiences of their role. International Diabetes Nursing. DOI: 10.1080\/20573316.2017.1370567.<\/p>\n<p>Castor C, Landgren K, Hansson H &amp; Hallstr\u00f6m I. (2017). A possibility for strengthening family life and health: Family members&#8217; lived experience when a sick child receives home care in Sweden. J of Health &amp; Social Care in the Community.<\/p>\n<p>Wahlbeck H, Kvist L, Landgren K. (2017). Gaining hope and self-confidence &#8211; an interview study of women&#8217;s experience of treatment by art therapy for severe fear of childbirth. Women and Birth.<\/p>\n<p>Skjeie H, Skonnord T, Brekke M, Klovning A, Fetveit A, Landgren K, Kristensson Hallstr\u00f6m I, Gundro Brurberg K. (2017). Acupuncture treatments for infantile colic: a systematic review and individual patient data meta-analysis of blinding test validated randomised controlled trials. <i>Scandinavian Journal of Primary Health Care.<\/i><\/p>\n<p>Nassery W, Landgren K. (2018) Parents&#8217; experience of their sleep and rest when admitted to hospital with their ill child: a qualitative study, <a href=\"https:\/\/www.ncbi.nlm.nih.gov\/pubmed\/30388907\" target=\"_blank\" rel=\"noopener\"><i>Compr Child Adolesc Nurs. 2018 Nov 2:1-15. <\/i><\/a><a href=\"http:\/\/kajsalandgren.com\/Hem\/mitt-cv.html\"><i>https:\/\/doi.org\/10.1080\/24694193.2018.1528310.<\/i><\/a><\/p>\n<p>Landgren K, Sj\u00f6str\u00f6m Strand A, Ekelin M, Ahlstr\u00f6m G. (2019). Acupuncture in psychiatric care from the health care professionals&#8217; perspective: a phenomenographic analysis.<i> Issues in Mental Health Nursing. doi.org\/10.1080\/01612840.2018.1534908<\/i><\/p>\n<p>Castor C, Landgren K, Hansson H &amp; Hallstr\u00f6m I. (2019) Accessibility, utilization and acceptability of a county-based home care service for sick children in Sweden.<i> Scandinavian Journal of Caring Sciences, 1-9. doi: 10.1111\/scs.12678<\/i><\/p>\n<p>Lindkvist R-M., Westling S. A., Daukantait\u0117 D, Landgren K. (2021). A Brief Breathing Space: Experiences of Brief Admission by Self-Referral for Self-Harming and Suicidal Individuals with a History of Extensive Psychiatric Inpatient Care. Issues in Mental Health Nursing, 42:2, 172-182. DOI: 10.1080\/01612840.2020.1789787<\/p>\n<p>Olsson, A., Landgren, K. (2020). Getting well is more than gaining weight &#8211; patients experiences of a treatment program for anorexia nervosa including ear acupuncture. <i>Issues in Mental Health Nursing. <\/i>41:4, 328-338.  <i>doi: 10.1080\/01612840.2019.1663567&lt;<\/i><\/p>\n<p>Castor, C., Bolin, K., Hansson, H., <b>Landgren<\/b>, K. &amp; Hallstr\u00f6m, I. K. (2019) Healthcare costs and productivity losses associated with county-based, home-care service for sick children in Sweden. <i>Scandinavian Journal of Caring Sciences<\/i>.<\/p>\n<p>Wahlbeck, H., Kvist, L., <b>Landgren<\/b>, K. (2020). Art therapy and counselling for fear of childbirth: a randomized controlled trial. Art Therapy: <i>Journal of the American Art Therapy Association<\/i>, Published online: 07 Feb 2020. <a href=\"https:\/\/doi.org\/10.1080\/07421656.2020.1721399\" target=\"_blank\" rel=\"noopener\">doi.org\/10.1080\/07421656.2020.1721399<\/a><\/p>\n<p>Wemrell, M., Olsson, A., <b>Landgren<\/b>, K. (2020). The use of Complementary and Alternative Medicine (CAM) in psychiatric units in Sweden. <i>Issues in Mental Health Nursing<\/i>. Accepted March 2020. doi.org\/10.1080\/01612840.2020.1744203<\/p>\n<p><b>Landgren<\/b>, Hallstr\u00f6m, Tiberg. (2020). The effect of two types of minimal acupuncture on stooling, sleeping and feeding in infants with colic \u2013 secondary analysis of a multicentre RCT in Sweden (ACU-COL). <i>Acupuncture in Medicine<\/i> Accepted in March 2020.<\/p>\n<p><b>Landgren <\/b>K, Quaye A, Hallstr\u00f6m E, Tiberg I. (2020). Family-based prevention of overweight and obesity in children aged 2\u20136 years \u2013 a systematic review and narrative analysis of randomized controlled trials. <i>Child and Adolescent Obesity<\/i>, accepted March 25).<\/p>\n<p>Lindkvist R-M., <b>Landgren K<\/b><a brief=\"\" breathing=\"\" experiences=\"\" of=\"\" admission=\"\" by=\"\" self-referral=\"\" for=\"\" self-harming=\"\" and=\"\" suicidal=\"\" individuals=\"\" with=\"\" a=\"\" history=\"\" extensive=\"\" psychiatric=\"\" inpatient=\"\" care=\"\" i=\"\" space:=\"\">Issues in Mental Health Nursing Published online 2020.08.07. DOI: <\/a><a href=\"https:\/\/doi.org\/10.1080\/01612840.2020.1789787\" target=\"_blank\" rel=\"noopener\">10.1080\/01612840.2020.1789787<\/a><\/p>\n<p><span style=\"font-weight: 400;\">Vuckovic, V &amp; <\/span><b>Landgren<\/b><span style=\"font-weight: 400;\">, K. Peer learning in clinical education in psychiatry for undergraduate nursing students \u2013 preceptors and students&#8217; perspective. (2021) Nursing Open, 8:54\u201362. DOI: 10.1002\/nop2.602<\/span><\/p>\n<p><span style=\"font-weight: 400;\">Walle\u00b4n, A., Eberhard, S., <\/span><b>Landgren, K<\/b><span style=\"font-weight: 400;\">. (2021). The Experiences of Counsellors Offering Problem-Solving Therapy for Common Mental Health Issues at the Youth Friendship Bench in Zimbabwe. <\/span><i><span style=\"font-weight: 400;\">Issues in Mental Health Nursing<\/span><\/i><span style=\"font-weight: 400;\">. DOI: 10.1080\/01612840.2021.1879977<\/span><\/p>\n<p><span style=\"font-weight: 400;\">Brostr\u00f6m, S., Johansson, B.A., Verhey, R., <\/span><b>Landgren<\/b><span style=\"font-weight: 400;\">, K. \u201cSeeing a brighter future\u201d \u2013 Experiences of Adolescents with Common Mental Disorders Receiving the Problem-solving Therapy \u201cYouth Friendship Bench\u201d in Zimbabwe. (2021).  <\/span><i><span style=\"font-weight: 400;\">Issues in Mental Health Nursing <\/span><\/i><span style=\"font-weight: 400;\">, accepted April 27.<\/span><\/p>\n<p><span style=\"font-weight: 400;\">Lindkvist, R.-M., Sj\u00f6str\u00f6m-Strand, A.,<\/span><b> Landgren,<\/b><span style=\"font-weight: 400;\"> K., Johnsson, B.A., Stenstr\u00f6m, P., Hallstr\u00f6m, I.K. (2021). \u201cIn a Way We Took the Hospital Home.\u201d\u2014A Descriptive Mixed-Methods Study of Parents&#8217; Usage and Experiences of eHealth for Self-Management after HospitalDischarge Due to Pediatric Surgery or Preterm Birth. <\/span><i><span style=\"font-weight: 400;\">Int. J. Environ. Res. Public Health<\/span><\/i><span style=\"font-weight: 400;\">  2021, 18, 6480.  <\/span><a href=\"https:\/\/doi.org\/10.3390\/ijerph18126480\" target=\"_blank\" rel=\"noopener\"><span style=\"font-weight: 400;\">https:\/\/doi.org\/10.3390\/ijerph18126480<\/span><\/a><\/p>\n<p><span style=\"font-weight: 400;\">Wall, A., Lovheden, T., <\/span><b>Landgren<\/b><span style=\"font-weight: 400;\">, K., Stjernsw\u00e4rd, S. (2021). Experiences and Challenges in the Role as Peer Support Workers in a Swedish Mental Health Context &#8211; an Interview Study. <\/span><i><span style=\"font-weight: 400;\">Issues in Mental Health Nursing<\/span><\/i><span style=\"font-weight: 400;\">. Accepted Sept 5 2021). <\/span><a href=\"https:\/\/doi.org\/10.1080\/01612840.2021.1978596\" target=\"_blank\" rel=\"noopener\"><span style=\"font-weight: 400;\">https:\/\/doi.org\/10.1080\/01612840.2021.1978596<\/span><\/a><\/p>\n<p><span style=\"font-weight: 400;\">Olsson, A., Hedlund, S., <\/span><b>Landgren,<\/b><span style=\"font-weight: 400;\"> K. (2022). To use or not use Complementary and Alternative Medicine (CAM) in psychiatric care: interviews with clinical decision-makers in Sweden. <\/span><i><span style=\"font-weight: 400;\">Issues in Mental Health Nursing<\/span><\/i><span style=\"font-weight: 400;\">, Volume 43 Issue 5 <\/span><span style=\"font-weight: 400;\">M<\/span><span style=\"font-weight: 400;\">ay;43(5):463-472. doi: 10.1080\/01612840.2021.1986759. Epub 2021 Oct 19.<\/span><\/p>\n<p><b>Landgren<\/b><span style=\"font-weight: 400;\"> K. (2021). Ear acupuncture as an adjunct therapy in a treatment protocol for anorexia nervosa \u2013 utilization rate and nurses experiences. (e-pub December 11, 2021). Acupuncture in Medicine, doi.org\/10.1177\/09645284211056948<\/span><\/p>\n<p><span style=\"font-weight: 400;\">Lindkvist, R-M., Westling, S, Eberhard, S., Johansson, B. A., Rask, O., <\/span><b>Landgren, K<\/b><span style=\"font-weight: 400;\">. (2022). &#8216;A safe place where I am welcome to unwind when I choose to&#8217; &#8211; Experiences of Brief Admission by Self-referral for Adolescents who self-harm at risk for suicide: a qualitative study. <\/span><i><span style=\"font-weight: 400;\">International Journal of Environmental Research and Public Health<\/span><\/i><span style=\"font-weight: 400;\">), Published: 28 December 2021 DOI: <\/span><a href=\"http:\/\/dx.doi.org\/10.3390\/ijerph19010300\" target=\"_blank\" rel=\"noopener\"><span style=\"font-weight: 400;\">t &#8220;_blank&#8221; 10.3390\/ijerph19010300<\/span><\/a><\/p>\n<p><span style=\"font-weight: 400;\">Lamm, K., Kristensson Hallstr\u00f6m, I., <\/span><b>Landgren, K<\/b><span style=\"font-weight: 400;\">. (2022). Living with a child with Pediatric Feeding Disorder: an Interview Study in Sweden. <\/span><i><span style=\"font-weight: 400;\">Scandinavian Journal of Caring Sciences<\/span><\/i><span style=\"font-weight: 400;\">, 00: 1\u2013 10. doi.org\/10.1111\/scs.13070<\/span><\/p>\n<p><span style=\"font-weight: 400;\">Lamm, K., Vilhj\u00e1lmson, R.,<\/span><b> Landgren, K<\/b><span style=\"font-weight: 400;\">., Kristensson Hallstr\u00f6m, I., (2023). Pediatric Feeding Disorder in young children: a cross sectional study in Sweden. <\/span><i><span style=\"font-weight: 400;\">Journal of Pediatric Gastroenterology and Nutrition Reports<\/span><\/i><span style=\"font-weight: 400;\">, 4(2):p e297, May 2023. | <\/span><span style=\"font-weight: 400;\">DOI: <\/span><span style=\"font-weight: 400;\">10.1097\/PG9.0000000000000297<\/span><\/p>\n<p><span style=\"font-weight: 400;\">Sj\u00f6str\u00f6m, D., Rask, O., Welin, L., Petersson, M. G., Gustafsson, P., <\/span><b>Landgren, K.<\/b><span style=\"font-weight: 400;\">, &amp; Eberhard, S. (2022). The Winding Road to Equal Care: Attitudes and Experiences of Prescribing ADHD Medication among Pediatric Psychiatrists: A Qualitative Study. <\/span><i><span style=\"font-weight: 400;\">International journal of environmental research and public health<\/span><\/i><span style=\"font-weight: 400;\">, <\/span><i><span style=\"font-weight: 400;\">20<\/span><\/i><span style=\"font-weight: 400;\">(1), 221. https:\/\/doi.org\/10.3390\/ijerph20010221<\/span><\/p>\n<p>Lantto, R, Lindkvist, R-M, Jungert, T, Westling, S, Landgren, K. (2023). Receiving a gift and feeling robbed: a phenomenological study on parents\u2019 experiences of Brief Admissions for teenagers who self-harm at risk for suicide. Child and Adolescent Psychiatry and Mental Health.   (2023) 17:127. https:\/\/doi.org\/10.1186\/s13034-023-00675-y<\/p>\n<p>Lindkvist R-M, Eckerstr\u00f6m J, Landgren K, Westling S. (2024). Brief Admission by Self-Referral for Individuals with Self-Harm and Suicidal Ideation: A Qualitative Study Based on Focus Groups Exploring Relatives&#8217; Experiences. International Journal of Qualitative Studies in Health &amp; Well-being.   19(1). Accepted May 7 2024. https:\/\/doi.org\/10.1080\/17482631.2024.2353460<\/p>\n<p>Rosen H., Landgren K, Olofsson E, Drevenhorn E, Gudnadottir G, Gagnemo Persson R. Telephone counseling for children recovering from tonsil surgery \u2013 a<br \/>\nrandomized controlled feasibility study. Healthcare. Accepted Sept 13 2024. doi: https:\/\/doi.org\/10.3390\/healthcare12181862   <\/p>\n<p>Landgren K, Bjarnad\u00f3ttir HM, Fri\u00f0j\u00f3nsd\u00f3ttir HS, Bernhar\u00f0sd\u00f3ttir J. (2025). Mental Health Service Users&#8217; Experiences of Receiving Ear Acupuncture as a Complement in Psychiatric Care in ICELAND \u2013 A Qualitative and Quantitative Pilot Study. OBM Integrative and Complementary Medicine, 10(2): 018; doi:10.21926\/obm.icm.2502018  <\/p>\n<p>Lantto R, Landgren K, Eberhard S, Johansson BA, Rask O, Westling S. (2025). Brief Admission by self-referral for adolescents who self-harm: Discourses on involvement and responsibility among parents and other significant adults. Child and Adolescent Psychiatry and Mental Health. Accepted July 28 2025.   <\/p>\n<p>Lindkvist, R.-M., Landgren, K., Eberhard, S., Johansson, B. A., Rask, O., &amp; Westling, S. (2025). Healthcare Professionals\u2019 Experiences of Brief Admission by Self-Referral for Adolescents with Self-Harm at Risk of Suicide\u2014A Qualitative Interview Study. Behavioral Sciences, 15(9), 1210. https:\/\/doi.org\/10.3390\/bs15091210[\/et_pb_text][et_pb_text _builder_version=&#8221;4.27.5&#8243; _module_preset=&#8221;default&#8221; hover_enabled=&#8221;0&#8243; global_colors_info=&#8221;{}&#8221; sticky_enabled=&#8221;0&#8243;]<\/p>\n<h3><strong>OTHER<\/strong><\/h3>\n<p>From 1997, I have participated in acupuncture conferences in Sweden, Europe and the USA, as an audience or as a speaker. In 2008 I was the key note speaker at the American NADA\u2019s conference in Dallas. In 2009 I gave a speech at a nursing conference in Lithuania. In 2009, I also showed a film I made about nurses\u2019 experience of using ear acupuncture in psychiatric care at a conference in Michigan, USA. I also showed the film at the Euro-NADA conference in Zurich in 2009. 2003-2013 I was a censor at the final exam at the Danish Acupuncture Academy. At the \u201cScandinavian TCM Congress\u201d in 2009, I participated in a panel debate on the theme \u201cResearch in the field of Chinese Medicine\u201d. In 2010 I presented my research at the Science Day at the acupuncture conference in Rothenburg, in 2012 at NADA UK in London, in 2013 at the NADA Austria conference in Austria and at the iSAMS conference in Stockholm, in 2014 at the Society for Acupuncture Research conference in Beijing, in 2016 at Narrative Nursing conference and 2017 at the British Medical Acupuncture Society. In 2018, I lectured on acupuncture at two hospitals in Kunming, China. In 2019 I lectured at the British Acupuncture Council\u2019s conference in London together with Siiri Hedlund, and in 2022 and 2024 we lectured at the NADA conference in London. In 2023, together with Siiri Hedlund, I presented two articles at the 11th International Auriculotherapy Seminar in Copenhagen. I was the keynote speaker at the same conference and received an award. 2024 I gave a two day seminar at the Semmelweis University in Budapest, Hungery. 2025 I gave a workshop, together with Duvan Hoffmann, USA, and presented a poster at the SAR conference in Los Angeles. The same year I had a whole day ear acupuncture lecture at the YoSan University in LA. [\/et_pb_text][\/et_pb_column][\/et_pb_row][\/et_pb_section]<\/p>\n","protected":false},"excerpt":{"rendered":"<p>About Kajsa LandgrenEDUCATION I have been a registered nurse since 1978. I worked as a nurse in a psychiatric clinic (detoxification department for drug addicts) and then for many years in the somatic emergency department. In 1988, I finished a 1.5-year acupuncture training at the Swedish Acupuncture School, Malm\u00f6. In 1990, I studied for a [&hellip;]<\/p>\n","protected":false},"author":1,"featured_media":0,"parent":0,"menu_order":0,"comment_status":"closed","ping_status":"closed","template":"","meta":{"_et_pb_use_builder":"on","_et_pb_old_content":"","_et_gb_content_width":"","footnotes":""},"class_list":["post-277488","page","type-page","status-publish","hentry"],"_links":{"self":[{"href":"https:\/\/kajsalandgren.com\/en\/wp-json\/wp\/v2\/pages\/277488","targetHints":{"allow":["GET"]}}],"collection":[{"href":"https:\/\/kajsalandgren.com\/en\/wp-json\/wp\/v2\/pages"}],"about":[{"href":"https:\/\/kajsalandgren.com\/en\/wp-json\/wp\/v2\/types\/page"}],"author":[{"embeddable":true,"href":"https:\/\/kajsalandgren.com\/en\/wp-json\/wp\/v2\/users\/1"}],"replies":[{"embeddable":true,"href":"https:\/\/kajsalandgren.com\/en\/wp-json\/wp\/v2\/comments?post=277488"}],"version-history":[{"count":19,"href":"https:\/\/kajsalandgren.com\/en\/wp-json\/wp\/v2\/pages\/277488\/revisions"}],"predecessor-version":[{"id":278025,"href":"https:\/\/kajsalandgren.com\/en\/wp-json\/wp\/v2\/pages\/277488\/revisions\/278025"}],"wp:attachment":[{"href":"https:\/\/kajsalandgren.com\/en\/wp-json\/wp\/v2\/media?parent=277488"}],"curies":[{"name":"wp","href":"https:\/\/api.w.org\/{rel}","templated":true}]}}