{"id":277727,"date":"2024-02-19T13:17:18","date_gmt":"2024-02-19T12:17:18","guid":{"rendered":"https:\/\/develop.visionmedia.nu\/kajsalandgren\/terms-of-purchase-and-privacy-policy-gdpr\/"},"modified":"2026-02-25T12:33:14","modified_gmt":"2026-02-25T11:33:14","slug":"terms-of-purchase-and-privacy-policy-gdpr","status":"publish","type":"page","link":"https:\/\/kajsalandgren.com\/en\/terms-of-purchase-and-privacy-policy-gdpr\/","title":{"rendered":"Terms of purchase and privacy policy (GDPR)"},"content":{"rendered":"<p>[et_pb_section fb_built=&#8221;1&#8243; custom_padding_last_edited=&#8221;on|tablet&#8221; _builder_version=&#8221;4.24.1&#8243; background_color=&#8221;#297FCA&#8221; background_enable_image=&#8221;off&#8221; custom_padding=&#8221;250px||50px||false|false&#8221; custom_padding_tablet=&#8221;150px||30px||false|false&#8221; custom_padding_phone=&#8221;150px||30px||false|false&#8221; border_width_all=&#8221;20px&#8221; border_color_all=&#8221;#FFFFFF&#8221; border_width_top=&#8221;0px&#8221; saved_tabs=&#8221;all&#8221; global_colors_info=&#8221;{}&#8221;][et_pb_row _builder_version=&#8221;4.16&#8243; global_colors_info=&#8221;{}&#8221;][et_pb_column type=&#8221;4_4&#8243; _builder_version=&#8221;4.16&#8243; custom_padding=&#8221;|||&#8221; global_colors_info=&#8221;{}&#8221; custom_padding__hover=&#8221;|||&#8221;][et_pb_post_title meta=&#8221;off&#8221; featured_image=&#8221;off&#8221; _builder_version=&#8221;4.23&#8243; title_font=&#8221;|700|||||||&#8221; title_text_align=&#8221;left&#8221; title_text_color=&#8221;#ffffff&#8221; title_font_size=&#8221;40px&#8221; text_shadow_style=&#8221;preset2&#8243; global_colors_info=&#8221;{}&#8221;][\/et_pb_post_title][\/et_pb_column][\/et_pb_row][\/et_pb_section][et_pb_section fb_built=&#8221;1&#8243; custom_padding_last_edited=&#8221;on|tablet&#8221; _builder_version=&#8221;4.23.4&#8243; _module_preset=&#8221;default&#8221; background_color=&#8221;rgba(255,117,24,0.8)&#8221; custom_margin=&#8221;|20px|20px|20px|false|false&#8221; custom_padding=&#8221;80px||80px||false|false&#8221; custom_padding_tablet=&#8221;50px||50px||false|false&#8221; custom_padding_phone=&#8221;40px||40px||true|false&#8221; global_colors_info=&#8221;{}&#8221;][et_pb_row use_custom_gutter=&#8221;on&#8221; gutter_width=&#8221;2&#8243; make_equal=&#8221;on&#8221; module_class=&#8221;center-align&#8221; _builder_version=&#8221;4.24.1&#8243; _module_preset=&#8221;default&#8221; width=&#8221;90%&#8221; custom_padding=&#8221;0px||0px||false|false&#8221; global_colors_info=&#8221;{}&#8221;][et_pb_column type=&#8221;4_4&#8243; _builder_version=&#8221;4.23&#8243; _module_preset=&#8221;default&#8221; global_colors_info=&#8221;{}&#8221;][et_pb_text _builder_version=&#8221;4.27.5&#8243; _module_preset=&#8221;default&#8221; text_text_color=&#8221;#FFFFFF&#8221; link_font=&#8221;|700|||||||&#8221; link_text_color=&#8221;#FFFFFF&#8221; header_3_text_color=&#8221;#FFFFFF&#8221; hover_enabled=&#8221;0&#8243; global_colors_info=&#8221;{}&#8221; sticky_enabled=&#8221;0&#8243;]<\/p>\n<h3>Terms of purchase<\/h3>\n<p>By placing orders with us, you accept our terms of purchase.<\/p>\n<h3>Payment:<\/h3>\n<p>Payment takes place via Klarna checkout. Please send an email (<a href=\"mailto:kajsa@kajsalandgren.com\">kajsa@kajsalandgren.com<\/a>) if for some reason you want to pay in another way. VAT is included in all prices to Sweden and EU countries. For other countries, VAT is deducted at checkout.<\/p>\n<h3>Shipping:<\/h3>\n<p>Shipping within Sweden is SEK 94:- for one book. Shipping to Norway, Denmark, Finland and \u00c5land, Iceland, Schwitzerland, UK, Germany, and Ireland is SEK 130. Shipping to the USA, Canada and Australia is SEK 150.<br \/>\nParcels with more than one book can be charged an extra shipping fee. Please contact me!<\/p>\n<h3>Delivery:<\/h3>\n<p>Your order is normally shipped within 1-4 working days after payment is received. It is the buyers responsibility to provide the correct name, address, phone and email when placing the order. I pack the books carefully but do not take responsibility for how the shipping companies handle them.  <\/p>\n<h3>Right of withdrawal:<\/h3>\n<p>As a consumer you have the right to cancel the purchase of a printed book within 14 days of receiving the book, provided the book is still in mint condition. Notify us (<a href=\"mailto:kajsa@kajsalandgren.com\">kajsa@kajsalandgren.com<\/a>) within this deadline that you have regretted the purchase and are sending the book back. You are responsible for the return shipping. We will refund your cost of the book when we receive it back. There is a withdrawal form to fill in <a href=\"https:\/\/kajsalandgren.com\/wp-content\/uploads\/2024\/02\/Angerblankett-2022-konsumentverket.pdf\" target=\"_blank\" rel=\"noopener\">HERE<\/a>. Put the withdrawal form with your name in the package! The return address is: Kajsa Landgren, Ransviksv\u00e4gen 14, 26377 M\u00f6lle, Sweden. Contact <a href=\"mailto:kajsa@kajsalandgren.com\">kajsa@kajsalandgren.com<\/a> before returning.<\/p>\n<p>You can not undo the purchase of E-books.<\/p>\n<p>For packages that are not redeemed, we reserve the right to charge a cost of SEK 250.<\/p>\n<p>If a book is defective, I will replace it or pay you back. When you return a defective book, I will pay the return shipping. Please contact me at <a href=\"mailto:kajsa@kajsalandgren.com\">kajsa@kajsalandgren.com<\/a>! If you find a book you have bought from us defective, but we do not agree with you, you can contact Allm\u00e4nna reklamationsn\u00e4mnden (ARN), Box 174, 101 23 Stockholm, <a href=\"https:\/\/www.arn.se\/\" target=\"_blank\" rel=\"noopener\">www.arn.se<\/a>. We follow ARN&#8217;s recommendations.<\/p>\n<h3>Privacy policy, GDPR<\/h3>\n<p>I comply with the Consumer Purchase Act (konsumentk\u00f6plagen), the Distance and Home Sales Act (distans- och hemf\u00f6rs\u00e4ljningslagen) and the Act on Consumer Protection in the case of distance contracts (lagen om konsumentskydd vid distansavtal). I handle all personal data in accordance with the GDPR and never disclose it to third parties. I collect the following information on customers: name, address, phone number, email address, ordered goods and payments. This information is used to be able to deliver the books you have ordered from me and is kept as long as the Accounting Act (bokf\u00f6ringslagen)requires it. I may send information about courses in acupuncture to your email address. Let <a href=\"mailto:kajsa@kajsalandgren.com\">me<\/a> know if you do not want such information and I will remove you from our mailings.<\/p>\n<p>I do not collect date of birth, account and profile information, customer history and customer engagement, customer activity from the website or cookies.<\/p>\n<p>Purchase is binding.<br \/>\nKajsa Landgren, orgnr SE560129-510701.<\/p>\n<h3>Contact<\/h3>\n<p>Kajsa Landgren<br \/>\n<a href=\"mailto:kajsa@kajsalandgren.com\">kajsa@kajsalandgren.com<\/a>[\/et_pb_text][\/et_pb_column][\/et_pb_row][\/et_pb_section]<\/p>\n","protected":false},"excerpt":{"rendered":"<p>Terms of purchase By placing orders with us, you accept our terms of purchase. Payment: Payment takes place via Klarna checkout. Please send an email (kajsa@kajsalandgren.com) if for some reason you want to pay in another way. VAT is included in all prices to Sweden and EU countries. For other countries, VAT is deducted at [&hellip;]<\/p>\n","protected":false},"author":1,"featured_media":0,"parent":0,"menu_order":0,"comment_status":"closed","ping_status":"closed","template":"","meta":{"_et_pb_use_builder":"on","_et_pb_old_content":"","_et_gb_content_width":"","footnotes":""},"class_list":["post-277727","page","type-page","status-publish","hentry"],"_links":{"self":[{"href":"https:\/\/kajsalandgren.com\/en\/wp-json\/wp\/v2\/pages\/277727","targetHints":{"allow":["GET"]}}],"collection":[{"href":"https:\/\/kajsalandgren.com\/en\/wp-json\/wp\/v2\/pages"}],"about":[{"href":"https:\/\/kajsalandgren.com\/en\/wp-json\/wp\/v2\/types\/page"}],"author":[{"embeddable":true,"href":"https:\/\/kajsalandgren.com\/en\/wp-json\/wp\/v2\/users\/1"}],"replies":[{"embeddable":true,"href":"https:\/\/kajsalandgren.com\/en\/wp-json\/wp\/v2\/comments?post=277727"}],"version-history":[{"count":11,"href":"https:\/\/kajsalandgren.com\/en\/wp-json\/wp\/v2\/pages\/277727\/revisions"}],"predecessor-version":[{"id":278033,"href":"https:\/\/kajsalandgren.com\/en\/wp-json\/wp\/v2\/pages\/277727\/revisions\/278033"}],"wp:attachment":[{"href":"https:\/\/kajsalandgren.com\/en\/wp-json\/wp\/v2\/media?parent=277727"}],"curies":[{"name":"wp","href":"https:\/\/api.w.org\/{rel}","templated":true}]}}